{"id":125,"date":"2020-12-14T18:00:25","date_gmt":"2020-12-14T18:00:25","guid":{"rendered":"https:\/\/www.modellbau-teile.ch\/?page_id=125"},"modified":"2023-11-06T09:23:07","modified_gmt":"2023-11-06T09:23:07","slug":"dienstleistungen-3d-drucken-fraesen-cad-zeichnen","status":"publish","type":"page","link":"https:\/\/www.modellbau-teile.ch\/?page_id=125","title":{"rendered":"Dienstleistungen"},"content":{"rendered":"\n<h2 class=\"wp-block-heading has-text-align-center\">Meine Dienstleistungen<\/h2>\n\n\n\n<div class=\"wp-block-columns is-layout-flex wp-container-core-columns-is-layout-9d6595d7 wp-block-columns-is-layout-flex\">\n<div class=\"wp-block-column is-layout-flow wp-block-column-is-layout-flow\">\n<figure class=\"wp-block-gallery has-nested-images columns-2 is-cropped wp-block-gallery-1 is-layout-flex wp-block-gallery-is-layout-flex\">\n<figure class=\"wp-block-image size-large\"><img loading=\"lazy\" decoding=\"async\" width=\"1024\" height=\"939\" data-id=\"133\" src=\"https:\/\/www.modellbau-teile.ch\/wp-content\/uploads\/2020\/11\/IMG_2751-1024x939.jpg\" alt=\"\" class=\"wp-image-133\" srcset=\"https:\/\/www.modellbau-teile.ch\/wp-content\/uploads\/2020\/11\/IMG_2751-1024x939.jpg 1024w, https:\/\/www.modellbau-teile.ch\/wp-content\/uploads\/2020\/11\/IMG_2751-300x275.jpg 300w, https:\/\/www.modellbau-teile.ch\/wp-content\/uploads\/2020\/11\/IMG_2751-768x704.jpg 768w, https:\/\/www.modellbau-teile.ch\/wp-content\/uploads\/2020\/11\/IMG_2751.jpg 1178w\" sizes=\"auto, (max-width: 1024px) 100vw, 1024px\" \/><figcaption class=\"wp-element-caption\">Druckteile in Produktion<\/figcaption><\/figure>\n\n\n\n<figure class=\"wp-block-image size-large\"><img loading=\"lazy\" decoding=\"async\" width=\"768\" height=\"1024\" data-id=\"132\" src=\"https:\/\/www.modellbau-teile.ch\/wp-content\/uploads\/2020\/11\/IMG_0637-1-768x1024.jpg\" alt=\"\" class=\"wp-image-132\" srcset=\"https:\/\/www.modellbau-teile.ch\/wp-content\/uploads\/2020\/11\/IMG_0637-1-768x1024.jpg 768w, https:\/\/www.modellbau-teile.ch\/wp-content\/uploads\/2020\/11\/IMG_0637-1-225x300.jpg 225w, https:\/\/www.modellbau-teile.ch\/wp-content\/uploads\/2020\/11\/IMG_0637-1-1152x1536.jpg 1152w, https:\/\/www.modellbau-teile.ch\/wp-content\/uploads\/2020\/11\/IMG_0637-1-1536x2048.jpg 1536w, https:\/\/www.modellbau-teile.ch\/wp-content\/uploads\/2020\/11\/IMG_0637-1-scaled.jpg 1920w\" sizes=\"auto, (max-width: 768px) 100vw, 768px\" \/><figcaption class=\"wp-element-caption\">Fertig gefr\u00e4ste Teile<\/figcaption><\/figure>\n<\/figure>\n<\/div>\n\n\n\n<div class=\"wp-block-column is-layout-flow wp-block-column-is-layout-flow\">\n<p><\/p>\n\n\n\n<h3 class=\"wp-block-heading\">Fr\u00e4sen und 3d-Drucken<\/h3>\n\n\n\n<p>Mein Ziel ist es f\u00fcr Sie Fr\u00e4s- und Druckteile nach Mass und Ihren W\u00fcnschen entsprechend herzustellen, frei nach dem Motto:<\/p>\n\n\n\n<p class=\"has-medium-font-size\"><strong>Sie haben die Idee, ich erstelle das Produkt!<\/strong><\/p>\n\n\n\n<p>Ob Einzelteil oder eine Serie spielt dabei keine Rolle. <\/p>\n\n\n\n<p>Welche M\u00f6glichkeiten meine Maschinen dabei bieten, sehen sie unter <a href=\"https:\/\/www.modellbau-teile.ch\/?page_id=9\">Arbeitsmittel<\/a>.<\/p>\n<\/div>\n<\/div>\n\n\n\n<div class=\"wp-block-columns is-layout-flex wp-container-core-columns-is-layout-9d6595d7 wp-block-columns-is-layout-flex\">\n<div class=\"wp-block-column is-layout-flow wp-block-column-is-layout-flow\" style=\"flex-basis:50%\">\n<figure class=\"wp-block-gallery has-nested-images columns-1 is-cropped wp-block-gallery-2 is-layout-flex wp-block-gallery-is-layout-flex\">\n<figure class=\"wp-block-image size-large\"><img loading=\"lazy\" decoding=\"async\" width=\"1024\" height=\"576\" data-id=\"129\" src=\"https:\/\/www.modellbau-teile.ch\/wp-content\/uploads\/2020\/11\/Bildschirmfoto-2020-11-11-um-14.39.08-1024x576.png\" alt=\"\" class=\"wp-image-129\" srcset=\"https:\/\/www.modellbau-teile.ch\/wp-content\/uploads\/2020\/11\/Bildschirmfoto-2020-11-11-um-14.39.08-1024x576.png 1024w, https:\/\/www.modellbau-teile.ch\/wp-content\/uploads\/2020\/11\/Bildschirmfoto-2020-11-11-um-14.39.08-300x169.png 300w, https:\/\/www.modellbau-teile.ch\/wp-content\/uploads\/2020\/11\/Bildschirmfoto-2020-11-11-um-14.39.08-768x432.png 768w, https:\/\/www.modellbau-teile.ch\/wp-content\/uploads\/2020\/11\/Bildschirmfoto-2020-11-11-um-14.39.08-1536x864.png 1536w, https:\/\/www.modellbau-teile.ch\/wp-content\/uploads\/2020\/11\/Bildschirmfoto-2020-11-11-um-14.39.08-2048x1152.png 2048w\" sizes=\"auto, (max-width: 1024px) 100vw, 1024px\" \/><figcaption class=\"wp-element-caption\">3d-Zeichnung<\/figcaption><\/figure>\n\n\n\n<figure class=\"wp-block-image size-large\"><img loading=\"lazy\" decoding=\"async\" width=\"1024\" height=\"576\" data-id=\"136\" src=\"https:\/\/www.modellbau-teile.ch\/wp-content\/uploads\/2020\/11\/Bildschirmfoto-2020-11-11-um-15.09.19-1024x576.png\" alt=\"\" class=\"wp-image-136\" srcset=\"https:\/\/www.modellbau-teile.ch\/wp-content\/uploads\/2020\/11\/Bildschirmfoto-2020-11-11-um-15.09.19-1024x576.png 1024w, https:\/\/www.modellbau-teile.ch\/wp-content\/uploads\/2020\/11\/Bildschirmfoto-2020-11-11-um-15.09.19-300x169.png 300w, https:\/\/www.modellbau-teile.ch\/wp-content\/uploads\/2020\/11\/Bildschirmfoto-2020-11-11-um-15.09.19-768x432.png 768w, https:\/\/www.modellbau-teile.ch\/wp-content\/uploads\/2020\/11\/Bildschirmfoto-2020-11-11-um-15.09.19-1536x864.png 1536w, https:\/\/www.modellbau-teile.ch\/wp-content\/uploads\/2020\/11\/Bildschirmfoto-2020-11-11-um-15.09.19-2048x1152.png 2048w\" sizes=\"auto, (max-width: 1024px) 100vw, 1024px\" \/><figcaption class=\"wp-element-caption\">2d-Zeichnung<\/figcaption><\/figure>\n<\/figure>\n<\/div>\n\n\n\n<div class=\"wp-block-column is-layout-flow wp-block-column-is-layout-flow\" style=\"flex-basis:50%\">\n<p><\/p>\n\n\n\n<h3 class=\"wp-block-heading\">Erstellen von Zeichnungen<\/h3>\n\n\n\n<p>Um die Teile zu drucken oder zu fr\u00e4sen, ben\u00f6tige ich Zeichnungen im dxf- (2d) oder stl-Format (3d). Besitzen Sie diese schon, senden Sie mir diese bei der Anfrage gleich mit.<\/p>\n\n\n\n<p>Sollten Sie nur \u00fcber eine Idee bzw. Skizze verf\u00fcgen, erstelle ich f\u00fcr Sie sehr gerne die entsprechenden Zeichnungen. Ein regelm\u00e4ssiger Austausch zwischen Ihnen und mir ist f\u00fcr mich zentral, damit das Teil am Ende genau Ihren Vorstellungen entspricht. Daf\u00fcr kann n\u00f6tigenfalls auch ein Prototyp erstellt werden.<\/p>\n\n\n\n<p>Als Zeichungsprogramme verwende ich dabei LibreCad und Fusion360.<\/p>\n<\/div>\n<\/div>\n","protected":false},"excerpt":{"rendered":"<p>Meine Dienstleistungen Fr\u00e4sen und 3d-Drucken Mein Ziel ist es f\u00fcr Sie Fr\u00e4s- und Druckteile nach Mass und Ihren W\u00fcnschen entsprechend herzustellen, frei nach dem Motto: Sie haben die Idee, ich erstelle das Produkt! Ob Einzelteil oder eine Serie spielt dabei keine Rolle. Welche M\u00f6glichkeiten meine Maschinen dabei bieten, sehen sie unter Arbeitsmittel. Erstellen von Zeichnungen &#8230; <a title=\"Dienstleistungen\" class=\"read-more\" href=\"https:\/\/www.modellbau-teile.ch\/?page_id=125\" aria-label=\"Read more about Dienstleistungen\">mehr lesen<\/a><\/p>\n","protected":false},"author":1,"featured_media":0,"parent":0,"menu_order":0,"comment_status":"closed","ping_status":"closed","template":"","meta":{"footnotes":""},"class_list":["post-125","page","type-page","status-publish"],"yoast_head":"<!-- This site is optimized with the Yoast SEO plugin v27.5 - https:\/\/yoast.com\/product\/yoast-seo-wordpress\/ -->\n<title>Dienstleistungen - 3D-Druck - und Fr\u00e4steile nach Mass<\/title>\n<meta name=\"description\" content=\"Ich erstelle f\u00fcr Sie individuell gezeichnete, gefr\u00e4ste oder 3d gedruckte Teile nach ihrem Wunsch - nicht nur f\u00fcr den Modellbau!\" \/>\n<meta name=\"robots\" content=\"index, follow, max-snippet:-1, max-image-preview:large, max-video-preview:-1\" \/>\n<link rel=\"canonical\" href=\"https:\/\/www.modellbau-teile.ch\/?page_id=125\" \/>\n<meta property=\"og:locale\" content=\"de_DE\" \/>\n<meta property=\"og:type\" content=\"article\" \/>\n<meta property=\"og:title\" content=\"Dienstleistungen - 3D-Druck - und Fr\u00e4steile nach Mass\" \/>\n<meta property=\"og:description\" content=\"Ich erstelle f\u00fcr Sie individuell gezeichnete, gefr\u00e4ste oder 3d gedruckte Teile nach ihrem Wunsch - nicht nur f\u00fcr den Modellbau!\" \/>\n<meta property=\"og:url\" content=\"https:\/\/www.modellbau-teile.ch\/?page_id=125\" \/>\n<meta property=\"og:site_name\" content=\"3D-Druck - und Fr\u00e4steile nach Mass\" \/>\n<meta property=\"article:modified_time\" content=\"2023-11-06T09:23:07+00:00\" \/>\n<meta property=\"og:image\" content=\"https:\/\/www.modellbau-teile.ch\/wp-content\/uploads\/2020\/11\/IMG_2751-1024x939.jpg\" \/>\n<meta name=\"twitter:card\" content=\"summary_large_image\" \/>\n<meta name=\"twitter:label1\" content=\"Gesch\u00e4tzte Lesezeit\" \/>\n\t<meta name=\"twitter:data1\" content=\"2\u00a0Minuten\" \/>\n<script type=\"application\/ld+json\" class=\"yoast-schema-graph\">{\"@context\":\"https:\\\/\\\/schema.org\",\"@graph\":[{\"@type\":\"WebPage\",\"@id\":\"https:\\\/\\\/www.modellbau-teile.ch\\\/?page_id=125\",\"url\":\"https:\\\/\\\/www.modellbau-teile.ch\\\/?page_id=125\",\"name\":\"Dienstleistungen - 3D-Druck - und Fr\u00e4steile nach Mass\",\"isPartOf\":{\"@id\":\"https:\\\/\\\/www.modellbau-teile.ch\\\/#website\"},\"primaryImageOfPage\":{\"@id\":\"https:\\\/\\\/www.modellbau-teile.ch\\\/?page_id=125#primaryimage\"},\"image\":{\"@id\":\"https:\\\/\\\/www.modellbau-teile.ch\\\/?page_id=125#primaryimage\"},\"thumbnailUrl\":\"https:\\\/\\\/www.modellbau-teile.ch\\\/wp-content\\\/uploads\\\/2020\\\/11\\\/IMG_2751-1024x939.jpg\",\"datePublished\":\"2020-12-14T18:00:25+00:00\",\"dateModified\":\"2023-11-06T09:23:07+00:00\",\"description\":\"Ich erstelle f\u00fcr Sie individuell gezeichnete, gefr\u00e4ste oder 3d gedruckte Teile nach ihrem Wunsch - nicht nur f\u00fcr den Modellbau!\",\"breadcrumb\":{\"@id\":\"https:\\\/\\\/www.modellbau-teile.ch\\\/?page_id=125#breadcrumb\"},\"inLanguage\":\"de-CH\",\"potentialAction\":[{\"@type\":\"ReadAction\",\"target\":[\"https:\\\/\\\/www.modellbau-teile.ch\\\/?page_id=125\"]}]},{\"@type\":\"ImageObject\",\"inLanguage\":\"de-CH\",\"@id\":\"https:\\\/\\\/www.modellbau-teile.ch\\\/?page_id=125#primaryimage\",\"url\":\"https:\\\/\\\/www.modellbau-teile.ch\\\/wp-content\\\/uploads\\\/2020\\\/11\\\/IMG_2751.jpg\",\"contentUrl\":\"https:\\\/\\\/www.modellbau-teile.ch\\\/wp-content\\\/uploads\\\/2020\\\/11\\\/IMG_2751.jpg\",\"width\":1178,\"height\":1080},{\"@type\":\"BreadcrumbList\",\"@id\":\"https:\\\/\\\/www.modellbau-teile.ch\\\/?page_id=125#breadcrumb\",\"itemListElement\":[{\"@type\":\"ListItem\",\"position\":1,\"name\":\"Home\",\"item\":\"https:\\\/\\\/www.modellbau-teile.ch\\\/\"},{\"@type\":\"ListItem\",\"position\":2,\"name\":\"Dienstleistungen\"}]},{\"@type\":\"WebSite\",\"@id\":\"https:\\\/\\\/www.modellbau-teile.ch\\\/#website\",\"url\":\"https:\\\/\\\/www.modellbau-teile.ch\\\/\",\"name\":\"3D-Druck - und Fr\u00e4steile nach Mass\",\"description\":\"Teile nach Mass - nicht nur f\u00fcr Modellbau\",\"potentialAction\":[{\"@type\":\"SearchAction\",\"target\":{\"@type\":\"EntryPoint\",\"urlTemplate\":\"https:\\\/\\\/www.modellbau-teile.ch\\\/?s={search_term_string}\"},\"query-input\":{\"@type\":\"PropertyValueSpecification\",\"valueRequired\":true,\"valueName\":\"search_term_string\"}}],\"inLanguage\":\"de-CH\"}]}<\/script>\n<!-- \/ Yoast SEO plugin. -->","yoast_head_json":{"title":"Dienstleistungen - 3D-Druck - und Fr\u00e4steile nach Mass","description":"Ich erstelle f\u00fcr Sie individuell gezeichnete, gefr\u00e4ste oder 3d gedruckte Teile nach ihrem Wunsch - nicht nur f\u00fcr den Modellbau!","robots":{"index":"index","follow":"follow","max-snippet":"max-snippet:-1","max-image-preview":"max-image-preview:large","max-video-preview":"max-video-preview:-1"},"canonical":"https:\/\/www.modellbau-teile.ch\/?page_id=125","og_locale":"de_DE","og_type":"article","og_title":"Dienstleistungen - 3D-Druck - und Fr\u00e4steile nach Mass","og_description":"Ich erstelle f\u00fcr Sie individuell gezeichnete, gefr\u00e4ste oder 3d gedruckte Teile nach ihrem Wunsch - nicht nur f\u00fcr den Modellbau!","og_url":"https:\/\/www.modellbau-teile.ch\/?page_id=125","og_site_name":"3D-Druck - und Fr\u00e4steile nach Mass","article_modified_time":"2023-11-06T09:23:07+00:00","og_image":[{"url":"https:\/\/www.modellbau-teile.ch\/wp-content\/uploads\/2020\/11\/IMG_2751-1024x939.jpg","type":"","width":"","height":""}],"twitter_card":"summary_large_image","twitter_misc":{"Gesch\u00e4tzte Lesezeit":"2\u00a0Minuten"},"schema":{"@context":"https:\/\/schema.org","@graph":[{"@type":"WebPage","@id":"https:\/\/www.modellbau-teile.ch\/?page_id=125","url":"https:\/\/www.modellbau-teile.ch\/?page_id=125","name":"Dienstleistungen - 3D-Druck - und Fr\u00e4steile nach Mass","isPartOf":{"@id":"https:\/\/www.modellbau-teile.ch\/#website"},"primaryImageOfPage":{"@id":"https:\/\/www.modellbau-teile.ch\/?page_id=125#primaryimage"},"image":{"@id":"https:\/\/www.modellbau-teile.ch\/?page_id=125#primaryimage"},"thumbnailUrl":"https:\/\/www.modellbau-teile.ch\/wp-content\/uploads\/2020\/11\/IMG_2751-1024x939.jpg","datePublished":"2020-12-14T18:00:25+00:00","dateModified":"2023-11-06T09:23:07+00:00","description":"Ich erstelle f\u00fcr Sie individuell gezeichnete, gefr\u00e4ste oder 3d gedruckte Teile nach ihrem Wunsch - nicht nur f\u00fcr den Modellbau!","breadcrumb":{"@id":"https:\/\/www.modellbau-teile.ch\/?page_id=125#breadcrumb"},"inLanguage":"de-CH","potentialAction":[{"@type":"ReadAction","target":["https:\/\/www.modellbau-teile.ch\/?page_id=125"]}]},{"@type":"ImageObject","inLanguage":"de-CH","@id":"https:\/\/www.modellbau-teile.ch\/?page_id=125#primaryimage","url":"https:\/\/www.modellbau-teile.ch\/wp-content\/uploads\/2020\/11\/IMG_2751.jpg","contentUrl":"https:\/\/www.modellbau-teile.ch\/wp-content\/uploads\/2020\/11\/IMG_2751.jpg","width":1178,"height":1080},{"@type":"BreadcrumbList","@id":"https:\/\/www.modellbau-teile.ch\/?page_id=125#breadcrumb","itemListElement":[{"@type":"ListItem","position":1,"name":"Home","item":"https:\/\/www.modellbau-teile.ch\/"},{"@type":"ListItem","position":2,"name":"Dienstleistungen"}]},{"@type":"WebSite","@id":"https:\/\/www.modellbau-teile.ch\/#website","url":"https:\/\/www.modellbau-teile.ch\/","name":"3D-Druck - und Fr\u00e4steile nach Mass","description":"Teile nach Mass - nicht nur f\u00fcr Modellbau","potentialAction":[{"@type":"SearchAction","target":{"@type":"EntryPoint","urlTemplate":"https:\/\/www.modellbau-teile.ch\/?s={search_term_string}"},"query-input":{"@type":"PropertyValueSpecification","valueRequired":true,"valueName":"search_term_string"}}],"inLanguage":"de-CH"}]}},"_links":{"self":[{"href":"https:\/\/www.modellbau-teile.ch\/index.php?rest_route=\/wp\/v2\/pages\/125","targetHints":{"allow":["GET"]}}],"collection":[{"href":"https:\/\/www.modellbau-teile.ch\/index.php?rest_route=\/wp\/v2\/pages"}],"about":[{"href":"https:\/\/www.modellbau-teile.ch\/index.php?rest_route=\/wp\/v2\/types\/page"}],"author":[{"embeddable":true,"href":"https:\/\/www.modellbau-teile.ch\/index.php?rest_route=\/wp\/v2\/users\/1"}],"replies":[{"embeddable":true,"href":"https:\/\/www.modellbau-teile.ch\/index.php?rest_route=%2Fwp%2Fv2%2Fcomments&post=125"}],"version-history":[{"count":21,"href":"https:\/\/www.modellbau-teile.ch\/index.php?rest_route=\/wp\/v2\/pages\/125\/revisions"}],"predecessor-version":[{"id":756,"href":"https:\/\/www.modellbau-teile.ch\/index.php?rest_route=\/wp\/v2\/pages\/125\/revisions\/756"}],"wp:attachment":[{"href":"https:\/\/www.modellbau-teile.ch\/index.php?rest_route=%2Fwp%2Fv2%2Fmedia&parent=125"}],"curies":[{"name":"wp","href":"https:\/\/api.w.org\/{rel}","templated":true}]}}