{"id":182,"date":"2021-01-10T16:11:00","date_gmt":"2021-01-10T16:11:00","guid":{"rendered":"https:\/\/www.modellbau-teile.ch\/?page_id=182"},"modified":"2022-04-13T18:11:44","modified_gmt":"2022-04-13T18:11:44","slug":"fraesen-drucken-zeichnen-cad","status":"publish","type":"page","link":"https:\/\/www.modellbau-teile.ch\/?page_id=182","title":{"rendered":"Kontakt"},"content":{"rendered":"\n\n<div class=\"wpcf7 no-js\" id=\"wpcf7-f59-o1\" lang=\"de-CH\" dir=\"ltr\" data-wpcf7-id=\"59\">\n<div class=\"screen-reader-response\"><p role=\"status\" aria-live=\"polite\" aria-atomic=\"true\"><\/p> <ul><\/ul><\/div>\n<form action=\"\/index.php?rest_route=%2Fwp%2Fv2%2Fpages%2F182#wpcf7-f59-o1\" method=\"post\" class=\"wpcf7-form init wpcf7-acceptance-as-validation\" aria-label=\"Contact form\" novalidate=\"novalidate\" data-status=\"init\">\n<fieldset class=\"hidden-fields-container\"><input type=\"hidden\" name=\"_wpcf7\" value=\"59\" \/><input type=\"hidden\" name=\"_wpcf7_version\" value=\"6.1.5\" \/><input type=\"hidden\" name=\"_wpcf7_locale\" value=\"de_CH\" \/><input type=\"hidden\" name=\"_wpcf7_unit_tag\" value=\"wpcf7-f59-o1\" \/><input type=\"hidden\" name=\"_wpcf7_container_post\" value=\"0\" \/><input type=\"hidden\" name=\"_wpcf7_posted_data_hash\" value=\"\" \/>\n<\/fieldset>\n<p><label> Ihr Name (erforderlich)<br \/>\n<span class=\"wpcf7-form-control-wrap\" data-name=\"your-name\"><input size=\"40\" maxlength=\"400\" class=\"wpcf7-form-control wpcf7-text wpcf7-validates-as-required\" aria-required=\"true\" aria-invalid=\"false\" placeholder=\"Hans Muster\" value=\"\" type=\"text\" name=\"your-name\" \/><\/span> <\/label>\n<\/p>\n<p><label> Ihre E-Mail (erforderlich)<br \/>\n<span class=\"wpcf7-form-control-wrap\" data-name=\"email-964\"><input size=\"40\" maxlength=\"400\" class=\"wpcf7-form-control wpcf7-email wpcf7-validates-as-required wpcf7-text wpcf7-validates-as-email\" aria-required=\"true\" aria-invalid=\"false\" placeholder=\"hans@muster.ch\" value=\"\" type=\"email\" name=\"email-964\" \/><\/span><\/label>\n<\/p>\n<p><label> Ihre Telefonnummer<br \/>\n<span class=\"wpcf7-form-control-wrap\" data-name=\"tel-87\"><input size=\"40\" maxlength=\"400\" class=\"wpcf7-form-control wpcf7-tel wpcf7-text wpcf7-validates-as-tel\" aria-invalid=\"false\" placeholder=\"079 123 45 67\" value=\"\" type=\"tel\" name=\"tel-87\" \/><\/span><\/label>\n<\/p>\n<p><label> Ihre Adresse (erforderlich)<br \/>\n<span class=\"wpcf7-form-control-wrap\" data-name=\"adress\"><input size=\"40\" maxlength=\"400\" class=\"wpcf7-form-control wpcf7-text wpcf7-validates-as-required\" aria-required=\"true\" aria-invalid=\"false\" placeholder=\"Mustergasse 1\" value=\"\" type=\"text\" name=\"adress\" \/><\/span><\/label><br \/>\n<label><span class=\"wpcf7-form-control-wrap\" data-name=\"zip\"><input size=\"40\" maxlength=\"400\" class=\"wpcf7-form-control wpcf7-text wpcf7-validates-as-required\" aria-required=\"true\" aria-invalid=\"false\" placeholder=\"9999\" value=\"\" type=\"text\" name=\"zip\" \/><\/span><\/label><br \/>\n<label><span class=\"wpcf7-form-control-wrap\" data-name=\"ort\"><input size=\"40\" maxlength=\"400\" class=\"wpcf7-form-control wpcf7-text wpcf7-validates-as-required\" aria-required=\"true\" aria-invalid=\"false\" placeholder=\"Musterort\" value=\"\" type=\"text\" name=\"ort\" \/><\/span><\/label>\n<\/p>\n<p><label> Betreff (erforderlich)<br \/>\n<span class=\"wpcf7-form-control-wrap\" data-name=\"your-subject\"><input size=\"40\" maxlength=\"400\" class=\"wpcf7-form-control wpcf7-text wpcf7-validates-as-required\" aria-required=\"true\" aria-invalid=\"false\" value=\"\" type=\"text\" name=\"your-subject\" \/><\/span> <\/label>\n<\/p>\n<p><label> Ihre Nachricht (erforderlich)<br \/>\n<span class=\"wpcf7-form-control-wrap\" data-name=\"your-message\"><textarea cols=\"40\" rows=\"10\" maxlength=\"2000\" class=\"wpcf7-form-control wpcf7-textarea wpcf7-validates-as-required\" aria-required=\"true\" aria-invalid=\"false\" name=\"your-message\"><\/textarea><\/span> <\/label>\n<\/p>\n<p><span class=\"wpcf7-form-control-wrap\" data-name=\"multiupload-file-322\"><input size=\"40\" class=\"wpcf7-form-control wpcf7-drag-n-drop-file d-none\" aria-invalid=\"false\" type=\"file\" multiple=\"multiple\" data-name=\"multiupload-file-322\" data-type=\"dxf|png|jpg|jpeg|pdf|stl|f3d|docx|bmp|zip|eps|svg|\" data-limit=\"20000000\" data-max=\"5\" data-id=\"59\" data-version=\"free version 1.3.9.7\" accept=\".dxf, .png, .jpg, .jpeg, .pdf, .stl, .f3d, .docx, .bmp, .zip, .eps, .svg, .\" \/><\/span>\n<\/p>\n<p><span class=\"wpcf7-form-control-wrap\" data-name=\"acceptance-978\"><span class=\"wpcf7-form-control wpcf7-acceptance\"><span class=\"wpcf7-list-item\"><label><input type=\"checkbox\" name=\"acceptance-978\" value=\"1\" aria-invalid=\"false\" \/><span class=\"wpcf7-list-item-label\">Sie erkl\u00e4ren sich damit einverstanden, dass Ihre Daten zur Bearbeitung Ihres Anliegens verwendet werden. Weitere Informationen und Widerrufshinweise finden Sie in der <a href=\"https:\/\/www.modellbau-teile.ch\/?page_id=3\">Datenschutzerkl\u00e4rung<\/a>.<\/span><\/label><\/span><\/span><\/span>\n<\/p>\n<div class=\"wpcf7-turnstile cf-turnstile\" data-sitekey=\"0x4AAAAAACrzdzXUpStlm4k7\" data-response-field-name=\"_wpcf7_turnstile_response\"><\/div>\n<p><input class=\"wpcf7-form-control wpcf7-submit has-spinner\" type=\"submit\" value=\"Senden\" \/>\n<\/p><p style=\"display: none !important;\" class=\"akismet-fields-container\" data-prefix=\"_wpcf7_ak_\"><label>&#916;<textarea name=\"_wpcf7_ak_hp_textarea\" cols=\"45\" rows=\"8\" maxlength=\"100\"><\/textarea><\/label><input type=\"hidden\" id=\"ak_js_1\" name=\"_wpcf7_ak_js\" value=\"3\"\/><script>\ndocument.getElementById( \"ak_js_1\" ).setAttribute( \"value\", ( new Date() ).getTime() );\n<\/script>\n<\/p><div class=\"wpcf7-response-output\" aria-hidden=\"true\"><\/div>\n<\/form>\n<\/div>\n\n","protected":false},"excerpt":{"rendered":"","protected":false},"author":1,"featured_media":0,"parent":0,"menu_order":0,"comment_status":"closed","ping_status":"closed","template":"","meta":{"footnotes":""},"class_list":["post-182","page","type-page","status-publish"],"yoast_head":"<!-- This site is optimized with the Yoast SEO plugin v27.5 - https:\/\/yoast.com\/product\/yoast-seo-wordpress\/ -->\n<title>Kontakt - 3D-Druck - und Fr\u00e4steile nach Mass<\/title>\n<meta name=\"description\" content=\"Ich erstelle f\u00fcr Sie individuell gezeichnete, gefr\u00e4ste oder 3d gedruckte Teile nach ihrem Wunsch - nicht nur f\u00fcr den Modellbau!\" \/>\n<meta name=\"robots\" content=\"index, follow, max-snippet:-1, max-image-preview:large, max-video-preview:-1\" \/>\n<link rel=\"canonical\" href=\"https:\/\/www.modellbau-teile.ch\/?page_id=182\" \/>\n<meta property=\"og:locale\" content=\"de_DE\" \/>\n<meta property=\"og:type\" content=\"article\" \/>\n<meta property=\"og:title\" content=\"Kontakt - 3D-Druck - und Fr\u00e4steile nach Mass\" \/>\n<meta property=\"og:description\" content=\"Ich erstelle f\u00fcr Sie individuell gezeichnete, gefr\u00e4ste oder 3d gedruckte Teile nach ihrem Wunsch - nicht nur f\u00fcr den Modellbau!\" \/>\n<meta property=\"og:url\" content=\"https:\/\/www.modellbau-teile.ch\/?page_id=182\" \/>\n<meta property=\"og:site_name\" content=\"3D-Druck - und Fr\u00e4steile nach Mass\" \/>\n<meta property=\"article:modified_time\" content=\"2022-04-13T18:11:44+00:00\" \/>\n<meta name=\"twitter:card\" content=\"summary_large_image\" \/>\n<meta name=\"twitter:label1\" content=\"Gesch\u00e4tzte Lesezeit\" \/>\n\t<meta name=\"twitter:data1\" content=\"1\u00a0Minute\" \/>\n<script type=\"application\/ld+json\" class=\"yoast-schema-graph\">{\"@context\":\"https:\\\/\\\/schema.org\",\"@graph\":[{\"@type\":\"WebPage\",\"@id\":\"https:\\\/\\\/www.modellbau-teile.ch\\\/?page_id=182\",\"url\":\"https:\\\/\\\/www.modellbau-teile.ch\\\/?page_id=182\",\"name\":\"Kontakt - 3D-Druck - und Fr\u00e4steile nach Mass\",\"isPartOf\":{\"@id\":\"https:\\\/\\\/www.modellbau-teile.ch\\\/#website\"},\"datePublished\":\"2021-01-10T16:11:00+00:00\",\"dateModified\":\"2022-04-13T18:11:44+00:00\",\"description\":\"Ich erstelle f\u00fcr Sie individuell gezeichnete, gefr\u00e4ste oder 3d gedruckte Teile nach ihrem Wunsch - nicht nur f\u00fcr den Modellbau!\",\"breadcrumb\":{\"@id\":\"https:\\\/\\\/www.modellbau-teile.ch\\\/?page_id=182#breadcrumb\"},\"inLanguage\":\"de-CH\",\"potentialAction\":[{\"@type\":\"ReadAction\",\"target\":[\"https:\\\/\\\/www.modellbau-teile.ch\\\/?page_id=182\"]}]},{\"@type\":\"BreadcrumbList\",\"@id\":\"https:\\\/\\\/www.modellbau-teile.ch\\\/?page_id=182#breadcrumb\",\"itemListElement\":[{\"@type\":\"ListItem\",\"position\":1,\"name\":\"Home\",\"item\":\"https:\\\/\\\/www.modellbau-teile.ch\\\/\"},{\"@type\":\"ListItem\",\"position\":2,\"name\":\"Kontakt\"}]},{\"@type\":\"WebSite\",\"@id\":\"https:\\\/\\\/www.modellbau-teile.ch\\\/#website\",\"url\":\"https:\\\/\\\/www.modellbau-teile.ch\\\/\",\"name\":\"3D-Druck - und Fr\u00e4steile nach Mass\",\"description\":\"Teile nach Mass - nicht nur f\u00fcr Modellbau\",\"potentialAction\":[{\"@type\":\"SearchAction\",\"target\":{\"@type\":\"EntryPoint\",\"urlTemplate\":\"https:\\\/\\\/www.modellbau-teile.ch\\\/?s={search_term_string}\"},\"query-input\":{\"@type\":\"PropertyValueSpecification\",\"valueRequired\":true,\"valueName\":\"search_term_string\"}}],\"inLanguage\":\"de-CH\"}]}<\/script>\n<!-- \/ Yoast SEO plugin. -->","yoast_head_json":{"title":"Kontakt - 3D-Druck - und Fr\u00e4steile nach Mass","description":"Ich erstelle f\u00fcr Sie individuell gezeichnete, gefr\u00e4ste oder 3d gedruckte Teile nach ihrem Wunsch - nicht nur f\u00fcr den Modellbau!","robots":{"index":"index","follow":"follow","max-snippet":"max-snippet:-1","max-image-preview":"max-image-preview:large","max-video-preview":"max-video-preview:-1"},"canonical":"https:\/\/www.modellbau-teile.ch\/?page_id=182","og_locale":"de_DE","og_type":"article","og_title":"Kontakt - 3D-Druck - und Fr\u00e4steile nach Mass","og_description":"Ich erstelle f\u00fcr Sie individuell gezeichnete, gefr\u00e4ste oder 3d gedruckte Teile nach ihrem Wunsch - nicht nur f\u00fcr den Modellbau!","og_url":"https:\/\/www.modellbau-teile.ch\/?page_id=182","og_site_name":"3D-Druck - und Fr\u00e4steile nach Mass","article_modified_time":"2022-04-13T18:11:44+00:00","twitter_card":"summary_large_image","twitter_misc":{"Gesch\u00e4tzte Lesezeit":"1\u00a0Minute"},"schema":{"@context":"https:\/\/schema.org","@graph":[{"@type":"WebPage","@id":"https:\/\/www.modellbau-teile.ch\/?page_id=182","url":"https:\/\/www.modellbau-teile.ch\/?page_id=182","name":"Kontakt - 3D-Druck - und Fr\u00e4steile nach Mass","isPartOf":{"@id":"https:\/\/www.modellbau-teile.ch\/#website"},"datePublished":"2021-01-10T16:11:00+00:00","dateModified":"2022-04-13T18:11:44+00:00","description":"Ich erstelle f\u00fcr Sie individuell gezeichnete, gefr\u00e4ste oder 3d gedruckte Teile nach ihrem Wunsch - nicht nur f\u00fcr den Modellbau!","breadcrumb":{"@id":"https:\/\/www.modellbau-teile.ch\/?page_id=182#breadcrumb"},"inLanguage":"de-CH","potentialAction":[{"@type":"ReadAction","target":["https:\/\/www.modellbau-teile.ch\/?page_id=182"]}]},{"@type":"BreadcrumbList","@id":"https:\/\/www.modellbau-teile.ch\/?page_id=182#breadcrumb","itemListElement":[{"@type":"ListItem","position":1,"name":"Home","item":"https:\/\/www.modellbau-teile.ch\/"},{"@type":"ListItem","position":2,"name":"Kontakt"}]},{"@type":"WebSite","@id":"https:\/\/www.modellbau-teile.ch\/#website","url":"https:\/\/www.modellbau-teile.ch\/","name":"3D-Druck - und Fr\u00e4steile nach Mass","description":"Teile nach Mass - nicht nur f\u00fcr Modellbau","potentialAction":[{"@type":"SearchAction","target":{"@type":"EntryPoint","urlTemplate":"https:\/\/www.modellbau-teile.ch\/?s={search_term_string}"},"query-input":{"@type":"PropertyValueSpecification","valueRequired":true,"valueName":"search_term_string"}}],"inLanguage":"de-CH"}]}},"_links":{"self":[{"href":"https:\/\/www.modellbau-teile.ch\/index.php?rest_route=\/wp\/v2\/pages\/182","targetHints":{"allow":["GET"]}}],"collection":[{"href":"https:\/\/www.modellbau-teile.ch\/index.php?rest_route=\/wp\/v2\/pages"}],"about":[{"href":"https:\/\/www.modellbau-teile.ch\/index.php?rest_route=\/wp\/v2\/types\/page"}],"author":[{"embeddable":true,"href":"https:\/\/www.modellbau-teile.ch\/index.php?rest_route=\/wp\/v2\/users\/1"}],"replies":[{"embeddable":true,"href":"https:\/\/www.modellbau-teile.ch\/index.php?rest_route=%2Fwp%2Fv2%2Fcomments&post=182"}],"version-history":[{"count":1,"href":"https:\/\/www.modellbau-teile.ch\/index.php?rest_route=\/wp\/v2\/pages\/182\/revisions"}],"predecessor-version":[{"id":183,"href":"https:\/\/www.modellbau-teile.ch\/index.php?rest_route=\/wp\/v2\/pages\/182\/revisions\/183"}],"wp:attachment":[{"href":"https:\/\/www.modellbau-teile.ch\/index.php?rest_route=%2Fwp%2Fv2%2Fmedia&parent=182"}],"curies":[{"name":"wp","href":"https:\/\/api.w.org\/{rel}","templated":true}]}}