{"id":239,"date":"2021-01-10T16:09:41","date_gmt":"2021-01-10T16:09:41","guid":{"rendered":"https:\/\/www.modellbau-teile.ch\/?page_id=239"},"modified":"2022-04-15T09:00:36","modified_gmt":"2022-04-15T09:00:36","slug":"impressionen-fraesen-drucken-3d","status":"publish","type":"page","link":"https:\/\/www.modellbau-teile.ch\/?page_id=239","title":{"rendered":"Impressionen"},"content":{"rendered":"\n<h2 class=\"wp-block-heading\">Impressionen &#8211; Fr\u00e4steile<\/h2>\n\n\n\n<p><\/p>\n\n\n\n<div class=\"rl-gallery-container rl-loading\" id=\"rl-gallery-container-1\" data-gallery_id=\"243\"> <div class=\"rl-gallery rl-basicmasonry-gallery \" id=\"rl-gallery-1\" data-gallery_no=\"1\"> <div class=\"rl-gutter-sizer\"><\/div><div class=\"rl-grid-sizer\"><\/div> <div class=\"rl-gallery-item rl-gallery-item-width-4\" > <div class=\"rl-gallery-item-content\"> <a href=\"https:\/\/www.modellbau-teile.ch\/wp-content\/uploads\/2020\/11\/IMG_2857-scaled.jpeg\" title=\"Fl\u00fcgelrippen\" data-rl_title=\"Fl\u00fcgelrippen\" class=\"rl-gallery-link\" data-rl_caption=\"\" data-rel=\"lightbox-gallery-1\"><img loading=\"lazy\" decoding=\"async\" src=\"https:\/\/www.modellbau-teile.ch\/wp-content\/uploads\/2020\/11\/IMG_2857-225x300.jpeg\" width=\"225\" height=\"300\" alt=\"\" \/><\/a> <\/div> <\/div> <div class=\"rl-gallery-item\" > <div class=\"rl-gallery-item-content\"> <a href=\"https:\/\/www.modellbau-teile.ch\/wp-content\/uploads\/2020\/11\/IMG_2285-scaled.jpeg\" title=\"Spezial-Unterlagsscheiben\" data-rl_title=\"Spezial-Unterlagsscheiben\" class=\"rl-gallery-link\" data-rl_caption=\"\" data-rel=\"lightbox-gallery-1\"><img loading=\"lazy\" decoding=\"async\" src=\"https:\/\/www.modellbau-teile.ch\/wp-content\/uploads\/2020\/11\/IMG_2285-300x225.jpeg\" width=\"300\" height=\"225\" alt=\"\" \/><\/a> <\/div> <\/div> <div class=\"rl-gallery-item\" > <div class=\"rl-gallery-item-content\"> <a href=\"https:\/\/www.modellbau-teile.ch\/wp-content\/uploads\/2020\/11\/IMG_2123-scaled.jpeg\" title=\"Rippenverst\u00e4rkungen\" data-rl_title=\"Rippenverst\u00e4rkungen\" class=\"rl-gallery-link\" data-rl_caption=\"\" data-rel=\"lightbox-gallery-1\"><img loading=\"lazy\" decoding=\"async\" src=\"https:\/\/www.modellbau-teile.ch\/wp-content\/uploads\/2020\/11\/IMG_2123-300x225.jpeg\" width=\"300\" height=\"225\" alt=\"\" \/><\/a> <\/div> <\/div> <div class=\"rl-gallery-item\" > <div class=\"rl-gallery-item-content\"> <a href=\"https:\/\/www.modellbau-teile.ch\/wp-content\/uploads\/2020\/11\/IMG_0637-1-scaled.jpg\" title=\"Ruderh\u00f6rner und Motortr\u00e4ger\" data-rl_title=\"Ruderh\u00f6rner und Motortr\u00e4ger\" class=\"rl-gallery-link\" data-rl_caption=\"\" data-rel=\"lightbox-gallery-1\"><img loading=\"lazy\" decoding=\"async\" src=\"https:\/\/www.modellbau-teile.ch\/wp-content\/uploads\/2020\/11\/IMG_0637-1-225x300.jpg\" width=\"225\" height=\"300\" alt=\"\" \/><\/a> <\/div> <\/div> <div class=\"rl-gallery-item\" > <div class=\"rl-gallery-item-content\"> <a href=\"https:\/\/www.modellbau-teile.ch\/wp-content\/uploads\/2020\/11\/IMG_0902-scaled.jpeg\" title=\"Vertiefungen und L\u00f6cher\" data-rl_title=\"Vertiefungen und L\u00f6cher\" class=\"rl-gallery-link\" data-rl_caption=\"\" data-rel=\"lightbox-gallery-1\"><img loading=\"lazy\" decoding=\"async\" src=\"https:\/\/www.modellbau-teile.ch\/wp-content\/uploads\/2020\/11\/IMG_0902-300x225.jpeg\" width=\"300\" height=\"225\" alt=\"\" \/><\/a> <\/div> <\/div> <div class=\"rl-gallery-item\" > <div class=\"rl-gallery-item-content\"> <a href=\"https:\/\/www.modellbau-teile.ch\/wp-content\/uploads\/2020\/11\/62048034243__C1EED93B-C09F-4D54-A57C-3B474C1A6C18-scaled.jpeg\" title=\"Postkartenhalter\" data-rl_title=\"Postkartenhalter\" class=\"rl-gallery-link\" data-rl_caption=\"\" data-rel=\"lightbox-gallery-1\"><img loading=\"lazy\" decoding=\"async\" src=\"https:\/\/www.modellbau-teile.ch\/wp-content\/uploads\/2020\/11\/62048034243__C1EED93B-C09F-4D54-A57C-3B474C1A6C18-300x225.jpeg\" width=\"300\" height=\"225\" alt=\"\" \/><\/a> <\/div> <\/div> <div class=\"rl-gallery-item\" > <div class=\"rl-gallery-item-content\"> <a href=\"https:\/\/www.modellbau-teile.ch\/wp-content\/uploads\/2022\/04\/IMG_1656-scaled.jpeg\" title=\"Fr\u00e4sen von Motorspanten aus GFK\" data-rl_title=\"Fr\u00e4sen von Motorspanten aus GFK\" class=\"rl-gallery-link\" data-rl_caption=\"\" data-rel=\"lightbox-gallery-1\"><img loading=\"lazy\" decoding=\"async\" src=\"https:\/\/www.modellbau-teile.ch\/wp-content\/uploads\/2022\/04\/IMG_1656-300x225.jpeg\" width=\"300\" height=\"225\" alt=\"\" \/><\/a> <\/div> <\/div> <div class=\"rl-gallery-item\" > <div class=\"rl-gallery-item-content\"> <a href=\"https:\/\/www.modellbau-teile.ch\/wp-content\/uploads\/2022\/04\/IMG_1658-scaled.jpeg\" title=\"Motorspante f\u00fcr diverse Motoren aus 3mm GFK\" data-rl_title=\"Motorspante f\u00fcr diverse Motoren aus 3mm GFK\" class=\"rl-gallery-link\" data-rl_caption=\"\" data-rel=\"lightbox-gallery-1\"><img loading=\"lazy\" decoding=\"async\" src=\"https:\/\/www.modellbau-teile.ch\/wp-content\/uploads\/2022\/04\/IMG_1658-300x225.jpeg\" width=\"300\" height=\"225\" alt=\"\" \/><\/a> <\/div> <\/div> <div class=\"rl-gallery-item\" > <div class=\"rl-gallery-item-content\"> <a href=\"https:\/\/www.modellbau-teile.ch\/wp-content\/uploads\/2022\/04\/IMG_2001-scaled.jpeg\" title=\"Abst\u00fctzung f\u00fcr einen Motor in einem grossen Seglerrumpf\" data-rl_title=\"Abst\u00fctzung f\u00fcr einen Motor in einem grossen Seglerrumpf\" class=\"rl-gallery-link\" data-rl_caption=\"\" data-rel=\"lightbox-gallery-1\"><img loading=\"lazy\" decoding=\"async\" src=\"https:\/\/www.modellbau-teile.ch\/wp-content\/uploads\/2022\/04\/IMG_2001-300x214.jpeg\" width=\"300\" height=\"214\" alt=\"\" \/><\/a> <\/div> <\/div> <div class=\"rl-gallery-item\" > <div class=\"rl-gallery-item-content\"> <a href=\"https:\/\/www.modellbau-teile.ch\/wp-content\/uploads\/2022\/04\/IMG_1450-scaled.jpeg\" title=\"Servorahmen aus Holz\" data-rl_title=\"Servorahmen aus Holz\" class=\"rl-gallery-link\" data-rl_caption=\"\" data-rel=\"lightbox-gallery-1\"><img loading=\"lazy\" decoding=\"async\" src=\"https:\/\/www.modellbau-teile.ch\/wp-content\/uploads\/2022\/04\/IMG_1450-225x300.jpeg\" width=\"225\" height=\"300\" alt=\"\" \/><\/a> <\/div> <\/div> <div class=\"rl-gallery-item\" > <div class=\"rl-gallery-item-content\"> <a href=\"https:\/\/www.modellbau-teile.ch\/wp-content\/uploads\/2022\/04\/IMG_1451-scaled.jpeg\" title=\"Servorahmen aus Holz (Detailaufnahme)\" data-rl_title=\"Servorahmen aus Holz (Detailaufnahme)\" class=\"rl-gallery-link\" data-rl_caption=\"\" data-rel=\"lightbox-gallery-1\"><img loading=\"lazy\" decoding=\"async\" src=\"https:\/\/www.modellbau-teile.ch\/wp-content\/uploads\/2022\/04\/IMG_1451-300x225.jpeg\" width=\"300\" height=\"225\" alt=\"\" \/><\/a> <\/div> <\/div> <div class=\"rl-gallery-item\" > <div class=\"rl-gallery-item-content\"> <a href=\"https:\/\/www.modellbau-teile.ch\/wp-content\/uploads\/2022\/04\/IMG_0869-scaled.jpeg\" title=\"Gefr\u00e4ste Profile f\u00fcr eine Impellerhalterung\" data-rl_title=\"Gefr\u00e4ste Profile f\u00fcr eine Impellerhalterung\" class=\"rl-gallery-link\" data-rl_caption=\"\" data-rel=\"lightbox-gallery-1\"><img loading=\"lazy\" decoding=\"async\" src=\"https:\/\/www.modellbau-teile.ch\/wp-content\/uploads\/2022\/04\/IMG_0869-300x225.jpeg\" width=\"300\" height=\"225\" alt=\"\" \/><\/a> <\/div> <\/div> <div class=\"rl-gallery-item\" > <div class=\"rl-gallery-item-content\"> <a href=\"https:\/\/www.modellbau-teile.ch\/wp-content\/uploads\/2022\/04\/IMG_0871-scaled.jpeg\" title=\"Gefr\u00e4ste Profile f\u00fcr eine Impellerhalterung\" data-rl_title=\"Gefr\u00e4ste Profile f\u00fcr eine Impellerhalterung\" class=\"rl-gallery-link\" data-rl_caption=\"\" data-rel=\"lightbox-gallery-1\"><img loading=\"lazy\" decoding=\"async\" src=\"https:\/\/www.modellbau-teile.ch\/wp-content\/uploads\/2022\/04\/IMG_0871-300x225.jpeg\" width=\"300\" height=\"225\" alt=\"\" \/><\/a> <\/div> <\/div> <\/div> <div class=\"rl-gallery-description\"><\/div> <\/div>\n\n\n\n<h2 class=\"wp-block-heading\">Impressionen &#8211; Druckteile<\/h2>\n\n\n\n<p><\/p>\n\n\n\n<div class=\"rl-gallery-container rl-loading\" id=\"rl-gallery-container-2\" data-gallery_id=\"249\"> <div class=\"rl-gallery rl-basicmasonry-gallery \" id=\"rl-gallery-2\" data-gallery_no=\"2\"> <div class=\"rl-gutter-sizer\"><\/div><div class=\"rl-grid-sizer\"><\/div> <div class=\"rl-gallery-item rl-gallery-item-width-4\" > <div class=\"rl-gallery-item-content\"> <a href=\"https:\/\/www.modellbau-teile.ch\/wp-content\/uploads\/2021\/01\/IMG_2735-scaled.jpeg\" title=\"Geh\u00e4use und St\u00e4nder f\u00fcr Raspberry-Pi\" data-rl_title=\"Geh\u00e4use und St\u00e4nder f\u00fcr Raspberry-Pi\" class=\"rl-gallery-link\" data-rl_caption=\"\" data-rel=\"lightbox-gallery-2\"><img loading=\"lazy\" decoding=\"async\" src=\"https:\/\/www.modellbau-teile.ch\/wp-content\/uploads\/2021\/01\/IMG_2735-225x300.jpeg\" width=\"225\" height=\"300\" alt=\"Geh\u00e4use und St\u00e4nder f\u00fcr Raspberry-Pi\" \/><\/a> <\/div> <\/div> <div class=\"rl-gallery-item\" > <div class=\"rl-gallery-item-content\"> <a href=\"https:\/\/www.modellbau-teile.ch\/wp-content\/uploads\/2021\/01\/IMG_0417-scaled-e1610289293638.jpeg\" title=\"Mechanische Bauteile\" data-rl_title=\"Mechanische Bauteile\" class=\"rl-gallery-link\" data-rl_caption=\"\" data-rel=\"lightbox-gallery-2\"><img loading=\"lazy\" decoding=\"async\" src=\"https:\/\/www.modellbau-teile.ch\/wp-content\/uploads\/2021\/01\/IMG_0417-scaled-e1610289293638-300x225.jpeg\" width=\"300\" height=\"225\" alt=\"Mechanische Bauteile\" \/><\/a> <\/div> <\/div> <div class=\"rl-gallery-item\" > <div class=\"rl-gallery-item-content\"> <a href=\"https:\/\/www.modellbau-teile.ch\/wp-content\/uploads\/2021\/01\/IMG_0418-scaled.jpeg\" title=\"Halteklammern mit und ohne Support\" data-rl_title=\"Halteklammern mit und ohne Support\" class=\"rl-gallery-link\" data-rl_caption=\"\" data-rel=\"lightbox-gallery-2\"><img loading=\"lazy\" decoding=\"async\" src=\"https:\/\/www.modellbau-teile.ch\/wp-content\/uploads\/2021\/01\/IMG_0418-300x225.jpeg\" width=\"300\" height=\"225\" alt=\"Halteklammern mit und ohne Support\" \/><\/a> <\/div> <\/div> <div class=\"rl-gallery-item\" > <div class=\"rl-gallery-item-content\"> <a href=\"https:\/\/www.modellbau-teile.ch\/wp-content\/uploads\/2022\/04\/IMG_0520-scaled.jpeg\" title=\"St\u00fctzen f\u00fcr eine Brio-Bahn um Br\u00fccken zu bauen\" data-rl_title=\"St\u00fctzen f\u00fcr eine Brio-Bahn um Br\u00fccken zu bauen\" class=\"rl-gallery-link\" data-rl_caption=\"\" data-rel=\"lightbox-gallery-2\"><img loading=\"lazy\" decoding=\"async\" src=\"https:\/\/www.modellbau-teile.ch\/wp-content\/uploads\/2022\/04\/IMG_0520-300x225.jpeg\" width=\"300\" height=\"225\" alt=\"\" \/><\/a> <\/div> <\/div> <div class=\"rl-gallery-item\" > <div class=\"rl-gallery-item-content\"> <a href=\"https:\/\/www.modellbau-teile.ch\/wp-content\/uploads\/2020\/12\/Druckbild-1-1-1-scaled.jpeg\" title=\"Bauteile f\u00fcr 3d-Drucker\" data-rl_title=\"Bauteile f\u00fcr 3d-Drucker\" class=\"rl-gallery-link\" data-rl_caption=\"\" data-rel=\"lightbox-gallery-2\"><img loading=\"lazy\" decoding=\"async\" src=\"https:\/\/www.modellbau-teile.ch\/wp-content\/uploads\/2020\/12\/Druckbild-1-1-1-225x300.jpeg\" width=\"225\" height=\"300\" alt=\"\" \/><\/a> <\/div> <\/div> <div class=\"rl-gallery-item\" > <div class=\"rl-gallery-item-content\"> <a href=\"https:\/\/www.modellbau-teile.ch\/wp-content\/uploads\/2020\/12\/Druckbild-2-1-1-scaled.jpeg\" title=\"Nespresso Kapselhalter\" data-rl_title=\"Nespresso Kapselhalter\" class=\"rl-gallery-link\" data-rl_caption=\"\" data-rel=\"lightbox-gallery-2\"><img loading=\"lazy\" decoding=\"async\" src=\"https:\/\/www.modellbau-teile.ch\/wp-content\/uploads\/2020\/12\/Druckbild-2-1-1-300x225.jpeg\" width=\"300\" height=\"225\" alt=\"\" \/><\/a> <\/div> <\/div> <div class=\"rl-gallery-item\" > <div class=\"rl-gallery-item-content\"> <a href=\"https:\/\/www.modellbau-teile.ch\/wp-content\/uploads\/2022\/04\/IMG_1776-scaled.jpeg\" title=\"Abschlusselement eines Heizungsschlauches um diesen im\/am Abfluss zu befestigen.\" data-rl_title=\"Abschlusselement eines Heizungsschlauches um diesen im\/am Abfluss zu befestigen.\" class=\"rl-gallery-link\" data-rl_caption=\"\" data-rel=\"lightbox-gallery-2\"><img loading=\"lazy\" decoding=\"async\" src=\"https:\/\/www.modellbau-teile.ch\/wp-content\/uploads\/2022\/04\/IMG_1776-225x300.jpeg\" width=\"225\" height=\"300\" alt=\"\" \/><\/a> <\/div> <\/div> <div class=\"rl-gallery-item\" > <div class=\"rl-gallery-item-content\"> <a href=\"https:\/\/www.modellbau-teile.ch\/wp-content\/uploads\/2020\/12\/Druckbild-3-1-1-scaled.jpeg\" title=\"Pflanzenclips\" data-rl_title=\"Pflanzenclips\" class=\"rl-gallery-link\" data-rl_caption=\"\" data-rel=\"lightbox-gallery-2\"><img loading=\"lazy\" decoding=\"async\" src=\"https:\/\/www.modellbau-teile.ch\/wp-content\/uploads\/2020\/12\/Druckbild-3-1-1-300x225.jpeg\" width=\"300\" height=\"225\" alt=\"\" \/><\/a> <\/div> <\/div> <div class=\"rl-gallery-item\" > <div class=\"rl-gallery-item-content\"> <a href=\"https:\/\/www.modellbau-teile.ch\/wp-content\/uploads\/2022\/04\/IMG_0875-scaled.jpeg\" title=\"Modifizierte Teile f\u00fcr eine Upgrade meiner 3d-Drucker\" data-rl_title=\"Modifizierte Teile f\u00fcr eine Upgrade meiner 3d-Drucker\" class=\"rl-gallery-link\" data-rl_caption=\"\" data-rel=\"lightbox-gallery-2\"><img loading=\"lazy\" decoding=\"async\" src=\"https:\/\/www.modellbau-teile.ch\/wp-content\/uploads\/2022\/04\/IMG_0875-300x225.jpeg\" width=\"300\" height=\"225\" alt=\"\" \/><\/a> <\/div> <\/div> <div class=\"rl-gallery-item\" > <div class=\"rl-gallery-item-content\"> <a href=\"https:\/\/www.modellbau-teile.ch\/wp-content\/uploads\/2022\/04\/IMG_0462-scaled.jpeg\" title=\"Teil um bei einem Gardena Rasentrimmer den Faden wieder montieren zu k\u00f6nnen\" data-rl_title=\"Teil um bei einem Gardena Rasentrimmer den Faden wieder montieren zu k\u00f6nnen\" class=\"rl-gallery-link\" data-rl_caption=\"\" data-rel=\"lightbox-gallery-2\"><img loading=\"lazy\" decoding=\"async\" src=\"https:\/\/www.modellbau-teile.ch\/wp-content\/uploads\/2022\/04\/IMG_0462-300x225.jpeg\" width=\"300\" height=\"225\" alt=\"\" \/><\/a> <\/div> <\/div> <div class=\"rl-gallery-item\" > <div class=\"rl-gallery-item-content\"> <a href=\"https:\/\/www.modellbau-teile.ch\/wp-content\/uploads\/2020\/11\/IMG_2327-scaled.jpeg\" title=\"Abrisskante Rumpfentl\u00fcftung\" data-rl_title=\"Abrisskante Rumpfentl\u00fcftung\" class=\"rl-gallery-link\" data-rl_caption=\"\" data-rel=\"lightbox-gallery-2\"><img loading=\"lazy\" decoding=\"async\" src=\"https:\/\/www.modellbau-teile.ch\/wp-content\/uploads\/2020\/11\/IMG_2327-300x225.jpeg\" width=\"300\" height=\"225\" alt=\"\" \/><\/a> <\/div> <\/div> <div class=\"rl-gallery-item\" > <div class=\"rl-gallery-item-content\"> <a href=\"https:\/\/www.modellbau-teile.ch\/wp-content\/uploads\/2022\/04\/IMG_1996-scaled.jpeg\" title=\"Servorahmen im Fl\u00fcgel eingeklebt und Probesitz des Servo\" data-rl_title=\"Servorahmen im Fl\u00fcgel eingeklebt und Probesitz des Servo\" class=\"rl-gallery-link\" data-rl_caption=\"\" data-rel=\"lightbox-gallery-2\"><img loading=\"lazy\" decoding=\"async\" src=\"https:\/\/www.modellbau-teile.ch\/wp-content\/uploads\/2022\/04\/IMG_1996-225x300.jpeg\" width=\"225\" height=\"300\" alt=\"\" \/><\/a> <\/div> <\/div> <div class=\"rl-gallery-item\" > <div class=\"rl-gallery-item-content\"> <a href=\"https:\/\/www.modellbau-teile.ch\/wp-content\/uploads\/2022\/04\/IMG_1994-scaled.jpeg\" title=\"Servorahmen im Fl\u00fcgel eingeklebt und zugeschnitten\" data-rl_title=\"Servorahmen im Fl\u00fcgel eingeklebt und zugeschnitten\" class=\"rl-gallery-link\" data-rl_caption=\"\" data-rel=\"lightbox-gallery-2\"><img loading=\"lazy\" decoding=\"async\" src=\"https:\/\/www.modellbau-teile.ch\/wp-content\/uploads\/2022\/04\/IMG_1994-225x300.jpeg\" width=\"225\" height=\"300\" alt=\"\" \/><\/a> <\/div> <\/div> <div class=\"rl-gallery-item\" > <div class=\"rl-gallery-item-content\"> <a href=\"https:\/\/www.modellbau-teile.ch\/wp-content\/uploads\/2022\/04\/IMG_1852-scaled.jpeg\" title=\"Spinner f\u00fcr Segler mit L\u00fcftungs\u00f6ffnung\" data-rl_title=\"Spinner f\u00fcr Segler mit L\u00fcftungs\u00f6ffnung\" class=\"rl-gallery-link\" data-rl_caption=\"\" data-rel=\"lightbox-gallery-2\"><img loading=\"lazy\" decoding=\"async\" src=\"https:\/\/www.modellbau-teile.ch\/wp-content\/uploads\/2022\/04\/IMG_1852-225x300.jpeg\" width=\"225\" height=\"300\" alt=\"\" \/><\/a> <\/div> <\/div> <\/div> <div class=\"rl-gallery-description\"><\/div> <\/div>\n\n\n\n<p><\/p>\n\n\n\n<h2 class=\"wp-block-heading\">Impressionen &#8211; Zeichnungen<\/h2>\n\n\n\n<p><\/p>\n\n\n\n<div class=\"rl-gallery-container rl-loading\" id=\"rl-gallery-container-3\" data-gallery_id=\"423\"> <div class=\"rl-gallery rl-basicmasonry-gallery \" id=\"rl-gallery-3\" data-gallery_no=\"3\"> <div class=\"rl-gutter-sizer\"><\/div><div class=\"rl-grid-sizer\"><\/div> <div class=\"rl-gallery-item rl-gallery-item-width-4\" > <div class=\"rl-gallery-item-content\"> <a href=\"https:\/\/www.modellbau-teile.ch\/wp-content\/uploads\/2022\/04\/Bildschirmfoto-2022-04-15-um-10.49.45-scaled.jpeg\" title=\"Diverse Servorahmen\" data-rl_title=\"Diverse Servorahmen\" class=\"rl-gallery-link\" data-rl_caption=\"\" data-rel=\"lightbox-gallery-3\"><img loading=\"lazy\" decoding=\"async\" src=\"https:\/\/www.modellbau-teile.ch\/wp-content\/uploads\/2022\/04\/Bildschirmfoto-2022-04-15-um-10.49.45-300x171.jpeg\" width=\"300\" height=\"171\" alt=\"\" \/><\/a> <\/div> <\/div> <div class=\"rl-gallery-item\" > <div class=\"rl-gallery-item-content\"> <a href=\"https:\/\/www.modellbau-teile.ch\/wp-content\/uploads\/2022\/04\/Bildschirmfoto-2022-04-15-um-10.46.53-scaled.jpeg\" title=\"Geh\u00e4use f\u00fcr einen Raspberry Pi mit Touchscreen und GPS Antenne\" data-rl_title=\"Geh\u00e4use f\u00fcr einen Raspberry Pi mit Touchscreen und GPS Antenne\" class=\"rl-gallery-link\" data-rl_caption=\"\" data-rel=\"lightbox-gallery-3\"><img loading=\"lazy\" decoding=\"async\" src=\"https:\/\/www.modellbau-teile.ch\/wp-content\/uploads\/2022\/04\/Bildschirmfoto-2022-04-15-um-10.46.53-300x218.jpeg\" width=\"300\" height=\"218\" alt=\"\" \/><\/a> <\/div> <\/div> <div class=\"rl-gallery-item\" > <div class=\"rl-gallery-item-content\"> <a href=\"https:\/\/www.modellbau-teile.ch\/wp-content\/uploads\/2022\/04\/Bildschirmfoto-2022-04-15-um-10.43.18-scaled.jpeg\" title=\"Halter f\u00fcr einen FESTO Verschlusshahn\" data-rl_title=\"Halter f\u00fcr einen FESTO Verschlusshahn\" class=\"rl-gallery-link\" data-rl_caption=\"\" data-rel=\"lightbox-gallery-3\"><img loading=\"lazy\" decoding=\"async\" src=\"https:\/\/www.modellbau-teile.ch\/wp-content\/uploads\/2022\/04\/Bildschirmfoto-2022-04-15-um-10.43.18-300x195.jpeg\" width=\"300\" height=\"195\" alt=\"\" \/><\/a> <\/div> <\/div> <div class=\"rl-gallery-item\" > <div class=\"rl-gallery-item-content\"> <a href=\"https:\/\/www.modellbau-teile.ch\/wp-content\/uploads\/2022\/04\/Bildschirmfoto-2022-04-15-um-10.36.15-scaled.jpeg\" title=\"Unterteilungselemente f\u00fcr Lista Schubladen\" data-rl_title=\"Unterteilungselemente f\u00fcr Lista Schubladen\" class=\"rl-gallery-link\" data-rl_caption=\"\" data-rel=\"lightbox-gallery-3\"><img loading=\"lazy\" decoding=\"async\" src=\"https:\/\/www.modellbau-teile.ch\/wp-content\/uploads\/2022\/04\/Bildschirmfoto-2022-04-15-um-10.36.15-300x179.jpeg\" width=\"300\" height=\"179\" alt=\"\" \/><\/a> <\/div> <\/div> <\/div> <div class=\"rl-gallery-description\"><\/div> <\/div>\n","protected":false},"excerpt":{"rendered":"<p>Impressionen &#8211; Fr\u00e4steile Impressionen &#8211; Druckteile Impressionen &#8211; Zeichnungen<\/p>\n","protected":false},"author":1,"featured_media":0,"parent":0,"menu_order":0,"comment_status":"closed","ping_status":"closed","template":"","meta":{"footnotes":""},"class_list":["post-239","page","type-page","status-publish"],"yoast_head":"<!-- This site is optimized with the Yoast SEO plugin v27.5 - https:\/\/yoast.com\/product\/yoast-seo-wordpress\/ -->\n<title>Impressionen - 3D-Druck - und Fr\u00e4steile nach Mass<\/title>\n<meta name=\"description\" content=\"Impressionen von Teilen f\u00fcr den Modellbau, den Haushalt oder das Hobby welche f\u00fcr Kunden oder mich selbst hergestellt wurden.\" \/>\n<meta name=\"robots\" content=\"index, follow, max-snippet:-1, max-image-preview:large, max-video-preview:-1\" \/>\n<link rel=\"canonical\" href=\"https:\/\/www.modellbau-teile.ch\/?page_id=239\" \/>\n<meta property=\"og:locale\" content=\"de_DE\" \/>\n<meta property=\"og:type\" content=\"article\" \/>\n<meta property=\"og:title\" content=\"Impressionen - 3D-Druck - und Fr\u00e4steile nach Mass\" \/>\n<meta property=\"og:description\" content=\"Impressionen von Teilen f\u00fcr den Modellbau, den Haushalt oder das Hobby welche f\u00fcr Kunden oder mich selbst hergestellt wurden.\" \/>\n<meta property=\"og:url\" content=\"https:\/\/www.modellbau-teile.ch\/?page_id=239\" \/>\n<meta property=\"og:site_name\" content=\"3D-Druck - und Fr\u00e4steile nach Mass\" \/>\n<meta property=\"article:modified_time\" content=\"2022-04-15T09:00:36+00:00\" \/>\n<meta name=\"twitter:card\" content=\"summary_large_image\" \/>\n<meta name=\"twitter:label1\" content=\"Gesch\u00e4tzte Lesezeit\" \/>\n\t<meta name=\"twitter:data1\" content=\"1\u00a0Minute\" \/>\n<script type=\"application\/ld+json\" class=\"yoast-schema-graph\">{\"@context\":\"https:\\\/\\\/schema.org\",\"@graph\":[{\"@type\":\"WebPage\",\"@id\":\"https:\\\/\\\/www.modellbau-teile.ch\\\/?page_id=239\",\"url\":\"https:\\\/\\\/www.modellbau-teile.ch\\\/?page_id=239\",\"name\":\"Impressionen - 3D-Druck - und Fr\u00e4steile nach Mass\",\"isPartOf\":{\"@id\":\"https:\\\/\\\/www.modellbau-teile.ch\\\/#website\"},\"datePublished\":\"2021-01-10T16:09:41+00:00\",\"dateModified\":\"2022-04-15T09:00:36+00:00\",\"description\":\"Impressionen von Teilen f\u00fcr den Modellbau, den Haushalt oder das Hobby welche f\u00fcr Kunden oder mich selbst hergestellt wurden.\",\"breadcrumb\":{\"@id\":\"https:\\\/\\\/www.modellbau-teile.ch\\\/?page_id=239#breadcrumb\"},\"inLanguage\":\"de-CH\",\"potentialAction\":[{\"@type\":\"ReadAction\",\"target\":[\"https:\\\/\\\/www.modellbau-teile.ch\\\/?page_id=239\"]}]},{\"@type\":\"BreadcrumbList\",\"@id\":\"https:\\\/\\\/www.modellbau-teile.ch\\\/?page_id=239#breadcrumb\",\"itemListElement\":[{\"@type\":\"ListItem\",\"position\":1,\"name\":\"Home\",\"item\":\"https:\\\/\\\/www.modellbau-teile.ch\\\/\"},{\"@type\":\"ListItem\",\"position\":2,\"name\":\"Impressionen\"}]},{\"@type\":\"WebSite\",\"@id\":\"https:\\\/\\\/www.modellbau-teile.ch\\\/#website\",\"url\":\"https:\\\/\\\/www.modellbau-teile.ch\\\/\",\"name\":\"3D-Druck - und Fr\u00e4steile nach Mass\",\"description\":\"Teile nach Mass - nicht nur f\u00fcr Modellbau\",\"potentialAction\":[{\"@type\":\"SearchAction\",\"target\":{\"@type\":\"EntryPoint\",\"urlTemplate\":\"https:\\\/\\\/www.modellbau-teile.ch\\\/?s={search_term_string}\"},\"query-input\":{\"@type\":\"PropertyValueSpecification\",\"valueRequired\":true,\"valueName\":\"search_term_string\"}}],\"inLanguage\":\"de-CH\"}]}<\/script>\n<!-- \/ Yoast SEO plugin. -->","yoast_head_json":{"title":"Impressionen - 3D-Druck - und Fr\u00e4steile nach Mass","description":"Impressionen von Teilen f\u00fcr den Modellbau, den Haushalt oder das Hobby welche f\u00fcr Kunden oder mich selbst hergestellt wurden.","robots":{"index":"index","follow":"follow","max-snippet":"max-snippet:-1","max-image-preview":"max-image-preview:large","max-video-preview":"max-video-preview:-1"},"canonical":"https:\/\/www.modellbau-teile.ch\/?page_id=239","og_locale":"de_DE","og_type":"article","og_title":"Impressionen - 3D-Druck - und Fr\u00e4steile nach Mass","og_description":"Impressionen von Teilen f\u00fcr den Modellbau, den Haushalt oder das Hobby welche f\u00fcr Kunden oder mich selbst hergestellt wurden.","og_url":"https:\/\/www.modellbau-teile.ch\/?page_id=239","og_site_name":"3D-Druck - und Fr\u00e4steile nach Mass","article_modified_time":"2022-04-15T09:00:36+00:00","twitter_card":"summary_large_image","twitter_misc":{"Gesch\u00e4tzte Lesezeit":"1\u00a0Minute"},"schema":{"@context":"https:\/\/schema.org","@graph":[{"@type":"WebPage","@id":"https:\/\/www.modellbau-teile.ch\/?page_id=239","url":"https:\/\/www.modellbau-teile.ch\/?page_id=239","name":"Impressionen - 3D-Druck - und Fr\u00e4steile nach Mass","isPartOf":{"@id":"https:\/\/www.modellbau-teile.ch\/#website"},"datePublished":"2021-01-10T16:09:41+00:00","dateModified":"2022-04-15T09:00:36+00:00","description":"Impressionen von Teilen f\u00fcr den Modellbau, den Haushalt oder das Hobby welche f\u00fcr Kunden oder mich selbst hergestellt wurden.","breadcrumb":{"@id":"https:\/\/www.modellbau-teile.ch\/?page_id=239#breadcrumb"},"inLanguage":"de-CH","potentialAction":[{"@type":"ReadAction","target":["https:\/\/www.modellbau-teile.ch\/?page_id=239"]}]},{"@type":"BreadcrumbList","@id":"https:\/\/www.modellbau-teile.ch\/?page_id=239#breadcrumb","itemListElement":[{"@type":"ListItem","position":1,"name":"Home","item":"https:\/\/www.modellbau-teile.ch\/"},{"@type":"ListItem","position":2,"name":"Impressionen"}]},{"@type":"WebSite","@id":"https:\/\/www.modellbau-teile.ch\/#website","url":"https:\/\/www.modellbau-teile.ch\/","name":"3D-Druck - und Fr\u00e4steile nach Mass","description":"Teile nach Mass - nicht nur f\u00fcr Modellbau","potentialAction":[{"@type":"SearchAction","target":{"@type":"EntryPoint","urlTemplate":"https:\/\/www.modellbau-teile.ch\/?s={search_term_string}"},"query-input":{"@type":"PropertyValueSpecification","valueRequired":true,"valueName":"search_term_string"}}],"inLanguage":"de-CH"}]}},"_links":{"self":[{"href":"https:\/\/www.modellbau-teile.ch\/index.php?rest_route=\/wp\/v2\/pages\/239","targetHints":{"allow":["GET"]}}],"collection":[{"href":"https:\/\/www.modellbau-teile.ch\/index.php?rest_route=\/wp\/v2\/pages"}],"about":[{"href":"https:\/\/www.modellbau-teile.ch\/index.php?rest_route=\/wp\/v2\/types\/page"}],"author":[{"embeddable":true,"href":"https:\/\/www.modellbau-teile.ch\/index.php?rest_route=\/wp\/v2\/users\/1"}],"replies":[{"embeddable":true,"href":"https:\/\/www.modellbau-teile.ch\/index.php?rest_route=%2Fwp%2Fv2%2Fcomments&post=239"}],"version-history":[{"count":7,"href":"https:\/\/www.modellbau-teile.ch\/index.php?rest_route=\/wp\/v2\/pages\/239\/revisions"}],"predecessor-version":[{"id":426,"href":"https:\/\/www.modellbau-teile.ch\/index.php?rest_route=\/wp\/v2\/pages\/239\/revisions\/426"}],"wp:attachment":[{"href":"https:\/\/www.modellbau-teile.ch\/index.php?rest_route=%2Fwp%2Fv2%2Fmedia&parent=239"}],"curies":[{"name":"wp","href":"https:\/\/api.w.org\/{rel}","templated":true}]}}