{"id":9,"date":"2020-10-18T13:17:17","date_gmt":"2020-10-18T13:17:17","guid":{"rendered":"https:\/\/192.168.1.8\/wordpress\/?page_id=9"},"modified":"2025-11-04T20:16:34","modified_gmt":"2025-11-04T20:16:34","slug":"arbeitsmittel","status":"publish","type":"page","link":"https:\/\/www.modellbau-teile.ch\/?page_id=9","title":{"rendered":"Arbeitsmittel"},"content":{"rendered":"\n<h2 class=\"wp-block-heading has-text-align-center\">Meine Arbeitsmittel<\/h2>\n\n\n\n<p><\/p>\n\n\n\n<div class=\"wp-block-columns is-layout-flex wp-container-core-columns-is-layout-9d6595d7 wp-block-columns-is-layout-flex\">\n<div class=\"wp-block-column is-layout-flow wp-block-column-is-layout-flow\" style=\"flex-basis:33.33%\">\n<figure class=\"wp-block-gallery has-nested-images columns-2 wp-block-gallery-1 is-layout-flex wp-block-gallery-is-layout-flex\">\n<figure class=\"wp-block-image size-large\"><img loading=\"lazy\" decoding=\"async\" width=\"768\" height=\"1024\" data-id=\"95\" src=\"https:\/\/www.modellbau-teile.ch\/wp-content\/uploads\/2020\/11\/Bild-3-768x1024.jpeg\" alt=\"Detailansicht Fr\u00e4smotor\" class=\"wp-image-95\" srcset=\"https:\/\/www.modellbau-teile.ch\/wp-content\/uploads\/2020\/11\/Bild-3-768x1024.jpeg 768w, https:\/\/www.modellbau-teile.ch\/wp-content\/uploads\/2020\/11\/Bild-3-225x300.jpeg 225w, https:\/\/www.modellbau-teile.ch\/wp-content\/uploads\/2020\/11\/Bild-3-1152x1536.jpeg 1152w, https:\/\/www.modellbau-teile.ch\/wp-content\/uploads\/2020\/11\/Bild-3-1536x2048.jpeg 1536w, https:\/\/www.modellbau-teile.ch\/wp-content\/uploads\/2020\/11\/Bild-3-scaled.jpeg 1920w\" sizes=\"auto, (max-width: 768px) 100vw, 768px\" \/><\/figure>\n\n\n\n<figure class=\"wp-block-image size-large\"><img loading=\"lazy\" decoding=\"async\" width=\"768\" height=\"1024\" data-id=\"93\" src=\"https:\/\/www.modellbau-teile.ch\/wp-content\/uploads\/2020\/11\/Bild-1-768x1024.jpeg\" alt=\"Detailansicht des Fr\u00e4sbettes\" class=\"wp-image-93\" srcset=\"https:\/\/www.modellbau-teile.ch\/wp-content\/uploads\/2020\/11\/Bild-1-768x1024.jpeg 768w, https:\/\/www.modellbau-teile.ch\/wp-content\/uploads\/2020\/11\/Bild-1-225x300.jpeg 225w, https:\/\/www.modellbau-teile.ch\/wp-content\/uploads\/2020\/11\/Bild-1-1152x1536.jpeg 1152w, https:\/\/www.modellbau-teile.ch\/wp-content\/uploads\/2020\/11\/Bild-1-1536x2048.jpeg 1536w, https:\/\/www.modellbau-teile.ch\/wp-content\/uploads\/2020\/11\/Bild-1-scaled.jpeg 1920w\" sizes=\"auto, (max-width: 768px) 100vw, 768px\" \/><\/figure>\n\n\n\n<figure class=\"wp-block-image size-large\"><img loading=\"lazy\" decoding=\"async\" width=\"1024\" height=\"768\" data-id=\"94\" src=\"https:\/\/www.modellbau-teile.ch\/wp-content\/uploads\/2020\/11\/Bild-2-1024x768.jpeg\" alt=\"Detailansicht der Spindelmechanik\" class=\"wp-image-94\" srcset=\"https:\/\/www.modellbau-teile.ch\/wp-content\/uploads\/2020\/11\/Bild-2-1024x768.jpeg 1024w, https:\/\/www.modellbau-teile.ch\/wp-content\/uploads\/2020\/11\/Bild-2-300x225.jpeg 300w, https:\/\/www.modellbau-teile.ch\/wp-content\/uploads\/2020\/11\/Bild-2-768x576.jpeg 768w, https:\/\/www.modellbau-teile.ch\/wp-content\/uploads\/2020\/11\/Bild-2-1536x1152.jpeg 1536w, https:\/\/www.modellbau-teile.ch\/wp-content\/uploads\/2020\/11\/Bild-2-2048x1536.jpeg 2048w\" sizes=\"auto, (max-width: 1024px) 100vw, 1024px\" \/><\/figure>\n<\/figure>\n<\/div>\n\n\n\n<div class=\"wp-block-column is-layout-flow wp-block-column-is-layout-flow\" style=\"flex-basis:66.66%\">\n<br class=\"\u201cclear\u201d\">\n\n\n\n<h3 class=\"wp-block-heading\">Fr\u00e4se &#8211; Stepcraft D.420 v2<\/h3>\n\n\n\n<p>Als Fr\u00e4se nutze ich eine Stepcraft D2.420 mit dem Performace Kit. Zusammen mit einer Kress Oberfr\u00e4se ergibt sich eine starke Kombination welche auch mit GFK\/CFK fertig wird.<\/p>\n\n\n\n<h5 class=\"wp-block-heading\">Technische Daten<\/h5>\n\n\n\n<ul class=\"wp-block-list\">\n<li>Verarbeitbare Materialien: Holz\/CFK\/GFK<\/li>\n\n\n\n<li>(Wiederhol-)Genauigkeit: 0.12mm<\/li>\n\n\n\n<li>Max Arbeitsbereich: 300x 420mm (ca. A3 Format)<\/li>\n\n\n\n<li>Maximale Dicke durch Art des Teiles\/Fr\u00e4ser gegeben<\/li>\n<\/ul>\n\n\n\n<p>Bei Bedarf kann ich auf eine gr\u00f6ssere Fr\u00e4se sowie einen Laser zur\u00fcckgreifen. Details erhalten Sie auf Anfrage.<\/p>\n<\/div>\n<\/div>\n\n\n\n<p class=\"has-large-font-size\"><\/p>\n\n\n\n<div class=\"wp-block-columns is-layout-flex wp-container-core-columns-is-layout-9d6595d7 wp-block-columns-is-layout-flex\">\n<div class=\"wp-block-column is-layout-flow wp-block-column-is-layout-flow\" style=\"flex-basis:97.9%\">\n<br class=\"\u201cclear\u201d\">\n\n\n\n<h3 class=\"wp-block-heading\">3d Drucker &#8211; Prusa Core ONE<\/h3>\n\n\n\n<p>Ich drucke mit Prusa Core ONE Druckern. Es handelt sich dabei um FDM Drucker (Fused Deposition Modeling; deutsch: Schmelzschichtung) welcher von unten Schicht f\u00fcr Schicht ein Teil aufbaut.<\/p>\n\n\n\n<p>Die Drucker \u00fcberzeugen durch eine automatische Niveaukorrektur des Druckbettes sowie hervorragende pr\u00e4zise Druckeigenschaften und scheuen auch mehrst\u00fcndige Druckauftr\u00e4ge nicht. Prusa ist einer der weltweit f\u00fchrenden Hersteller von Druckern f\u00fcr den Privat- und Industriebereich. <\/p>\n\n\n\n<p>Weiter verf\u00fcgen die Drucker \u00fcber die MMU3 Einheit welche den gleichzeitigen Druck von f\u00fcnf unterschiedlichen Farben resp. Materialien erm\u00f6glicht.<\/p>\n\n\n\n<p>Das Geh\u00e4use ist beheizt und bel\u00fcftet, damit auch komplexe Materialien wie ASA oder ABS gedruckt werden k\u00f6nnen.<\/p>\n\n\n\n<h5 class=\"wp-block-heading\">Technische Daten<\/h5>\n\n\n\n<ul class=\"wp-block-list\">\n<li>Verarbeitbare Materialien: PLA \/ PETG \/ ABS \/ ASA<\/li>\n\n\n\n<li>(Wiederhol-)Genauigkeit: 0.11 mm<\/li>\n\n\n\n<li>Max. Druckvolumen: 250 x 210 x 210mm (X x Y x Z)<\/li>\n\n\n\n<li><span style=\"font-size: inherit\">Mehrfarbiger Druck m\u00f6glich<\/span><\/li>\n<\/ul>\n\n\n\n<p>Informationen \u00fcber verschiedene Druckmaterialen finden Sie hier: <a href=\"https:\/\/www.3d-grenzenlos.de\/3d-drucker-material\/\" target=\"_blank\" rel=\"noreferrer noopener\" aria-label=\"Druckmaterialien (\u00f6ffnet in einem neuem Tab)\">Druckmaterialien<\/a><\/p>\n\n\n\n<p>Bei Bedarf kann ich auf weitere Drucker zur\u00fcckgreifen, um gr\u00f6ssere Auftr\u00e4ge zu drucken.<\/p>\n<\/div>\n\n\n\n<div class=\"wp-block-column is-layout-flow wp-block-column-is-layout-flow\" style=\"flex-basis:34%\">\n<figure class=\"wp-block-video\"><video height=\"720\" style=\"aspect-ratio: 1280 \/ 720;\" width=\"1280\" autoplay loop src=\"https:\/\/www.modellbau-teile.ch\/wp-content\/uploads\/2020\/11\/Vase.mp4\"><\/video><\/figure>\n\n\n\n<p><\/p>\n\n\n\n<figure class=\"wp-block-gallery has-nested-images columns-1 is-cropped wp-block-gallery-2 is-layout-flex wp-block-gallery-is-layout-flex\">\n<figure class=\"wp-block-image size-large\"><img loading=\"lazy\" decoding=\"async\" width=\"1024\" height=\"768\" data-id=\"945\" src=\"https:\/\/www.modellbau-teile.ch\/wp-content\/uploads\/2025\/11\/IMG_1856-1024x768.jpg\" alt=\"\" class=\"wp-image-945\" srcset=\"https:\/\/www.modellbau-teile.ch\/wp-content\/uploads\/2025\/11\/IMG_1856-1024x768.jpg 1024w, https:\/\/www.modellbau-teile.ch\/wp-content\/uploads\/2025\/11\/IMG_1856-300x225.jpg 300w, https:\/\/www.modellbau-teile.ch\/wp-content\/uploads\/2025\/11\/IMG_1856-768x576.jpg 768w, https:\/\/www.modellbau-teile.ch\/wp-content\/uploads\/2025\/11\/IMG_1856-1536x1152.jpg 1536w, https:\/\/www.modellbau-teile.ch\/wp-content\/uploads\/2025\/11\/IMG_1856-2048x1536.jpg 2048w\" sizes=\"auto, (max-width: 1024px) 100vw, 1024px\" \/><\/figure>\n<\/figure>\n<\/div>\n<\/div>\n","protected":false},"excerpt":{"rendered":"<p>Meine Arbeitsmittel Fr\u00e4se &#8211; Stepcraft D.420 v2 Als Fr\u00e4se nutze ich eine Stepcraft D2.420 mit dem Performace Kit. Zusammen mit einer Kress Oberfr\u00e4se ergibt sich eine starke Kombination welche auch mit GFK\/CFK fertig wird. Technische Daten Bei Bedarf kann ich auf eine gr\u00f6ssere Fr\u00e4se sowie einen Laser zur\u00fcckgreifen. Details erhalten Sie auf Anfrage. 3d Drucker &#8230; <a title=\"Arbeitsmittel\" class=\"read-more\" href=\"https:\/\/www.modellbau-teile.ch\/?page_id=9\" aria-label=\"Read more about Arbeitsmittel\">mehr lesen<\/a><\/p>\n","protected":false},"author":1,"featured_media":0,"parent":0,"menu_order":0,"comment_status":"closed","ping_status":"closed","template":"","meta":{"footnotes":""},"class_list":["post-9","page","type-page","status-publish"],"yoast_head":"<!-- This site is optimized with the Yoast SEO plugin v27.5 - https:\/\/yoast.com\/product\/yoast-seo-wordpress\/ -->\n<title>Arbeitsmittel - 3D-Druck - und Fr\u00e4steile nach Mass<\/title>\n<meta name=\"description\" content=\"Ich erstelle f\u00fcr Sie individuell gezeichnete, gefr\u00e4ste oder 3d gedruckte Teile nach ihrem Wunsch - nicht nur f\u00fcr den Modellbau!\" \/>\n<meta name=\"robots\" content=\"index, follow, max-snippet:-1, max-image-preview:large, max-video-preview:-1\" \/>\n<link rel=\"canonical\" href=\"https:\/\/www.modellbau-teile.ch\/?page_id=9\" \/>\n<meta property=\"og:locale\" content=\"de_DE\" \/>\n<meta property=\"og:type\" content=\"article\" \/>\n<meta property=\"og:title\" content=\"Arbeitsmittel - 3D-Druck - und Fr\u00e4steile nach Mass\" \/>\n<meta property=\"og:description\" content=\"Ich erstelle f\u00fcr Sie individuell gezeichnete, gefr\u00e4ste oder 3d gedruckte Teile nach ihrem Wunsch - nicht nur f\u00fcr den Modellbau!\" \/>\n<meta property=\"og:url\" content=\"https:\/\/www.modellbau-teile.ch\/?page_id=9\" \/>\n<meta property=\"og:site_name\" content=\"3D-Druck - und Fr\u00e4steile nach Mass\" \/>\n<meta property=\"article:modified_time\" content=\"2025-11-04T20:16:34+00:00\" \/>\n<meta property=\"og:image\" content=\"https:\/\/www.modellbau-teile.ch\/wp-content\/uploads\/2020\/11\/Bild-3-scaled.jpeg\" \/>\n\t<meta property=\"og:image:width\" content=\"1920\" \/>\n\t<meta property=\"og:image:height\" content=\"2560\" \/>\n\t<meta property=\"og:image:type\" content=\"image\/jpeg\" \/>\n<meta name=\"twitter:card\" content=\"summary_large_image\" \/>\n<meta name=\"twitter:label1\" content=\"Gesch\u00e4tzte Lesezeit\" \/>\n\t<meta name=\"twitter:data1\" content=\"3\u00a0Minuten\" \/>\n<script type=\"application\/ld+json\" class=\"yoast-schema-graph\">{\"@context\":\"https:\\\/\\\/schema.org\",\"@graph\":[{\"@type\":\"WebPage\",\"@id\":\"https:\\\/\\\/www.modellbau-teile.ch\\\/?page_id=9\",\"url\":\"https:\\\/\\\/www.modellbau-teile.ch\\\/?page_id=9\",\"name\":\"Arbeitsmittel - 3D-Druck - und Fr\u00e4steile nach Mass\",\"isPartOf\":{\"@id\":\"https:\\\/\\\/www.modellbau-teile.ch\\\/#website\"},\"primaryImageOfPage\":{\"@id\":\"https:\\\/\\\/www.modellbau-teile.ch\\\/?page_id=9#primaryimage\"},\"image\":{\"@id\":\"https:\\\/\\\/www.modellbau-teile.ch\\\/?page_id=9#primaryimage\"},\"thumbnailUrl\":\"https:\\\/\\\/www.modellbau-teile.ch\\\/wp-content\\\/uploads\\\/2020\\\/11\\\/Bild-3-768x1024.jpeg\",\"datePublished\":\"2020-10-18T13:17:17+00:00\",\"dateModified\":\"2025-11-04T20:16:34+00:00\",\"description\":\"Ich erstelle f\u00fcr Sie individuell gezeichnete, gefr\u00e4ste oder 3d gedruckte Teile nach ihrem Wunsch - nicht nur f\u00fcr den Modellbau!\",\"breadcrumb\":{\"@id\":\"https:\\\/\\\/www.modellbau-teile.ch\\\/?page_id=9#breadcrumb\"},\"inLanguage\":\"de-CH\",\"potentialAction\":[{\"@type\":\"ReadAction\",\"target\":[\"https:\\\/\\\/www.modellbau-teile.ch\\\/?page_id=9\"]}]},{\"@type\":\"ImageObject\",\"inLanguage\":\"de-CH\",\"@id\":\"https:\\\/\\\/www.modellbau-teile.ch\\\/?page_id=9#primaryimage\",\"url\":\"https:\\\/\\\/www.modellbau-teile.ch\\\/wp-content\\\/uploads\\\/2020\\\/11\\\/Bild-3-768x1024.jpeg\",\"contentUrl\":\"https:\\\/\\\/www.modellbau-teile.ch\\\/wp-content\\\/uploads\\\/2020\\\/11\\\/Bild-3-768x1024.jpeg\"},{\"@type\":\"BreadcrumbList\",\"@id\":\"https:\\\/\\\/www.modellbau-teile.ch\\\/?page_id=9#breadcrumb\",\"itemListElement\":[{\"@type\":\"ListItem\",\"position\":1,\"name\":\"Home\",\"item\":\"https:\\\/\\\/www.modellbau-teile.ch\\\/\"},{\"@type\":\"ListItem\",\"position\":2,\"name\":\"Arbeitsmittel\"}]},{\"@type\":\"WebSite\",\"@id\":\"https:\\\/\\\/www.modellbau-teile.ch\\\/#website\",\"url\":\"https:\\\/\\\/www.modellbau-teile.ch\\\/\",\"name\":\"3D-Druck - und Fr\u00e4steile nach Mass\",\"description\":\"Teile nach Mass - nicht nur f\u00fcr Modellbau\",\"potentialAction\":[{\"@type\":\"SearchAction\",\"target\":{\"@type\":\"EntryPoint\",\"urlTemplate\":\"https:\\\/\\\/www.modellbau-teile.ch\\\/?s={search_term_string}\"},\"query-input\":{\"@type\":\"PropertyValueSpecification\",\"valueRequired\":true,\"valueName\":\"search_term_string\"}}],\"inLanguage\":\"de-CH\"}]}<\/script>\n<!-- \/ Yoast SEO plugin. -->","yoast_head_json":{"title":"Arbeitsmittel - 3D-Druck - und Fr\u00e4steile nach Mass","description":"Ich erstelle f\u00fcr Sie individuell gezeichnete, gefr\u00e4ste oder 3d gedruckte Teile nach ihrem Wunsch - nicht nur f\u00fcr den Modellbau!","robots":{"index":"index","follow":"follow","max-snippet":"max-snippet:-1","max-image-preview":"max-image-preview:large","max-video-preview":"max-video-preview:-1"},"canonical":"https:\/\/www.modellbau-teile.ch\/?page_id=9","og_locale":"de_DE","og_type":"article","og_title":"Arbeitsmittel - 3D-Druck - und Fr\u00e4steile nach Mass","og_description":"Ich erstelle f\u00fcr Sie individuell gezeichnete, gefr\u00e4ste oder 3d gedruckte Teile nach ihrem Wunsch - nicht nur f\u00fcr den Modellbau!","og_url":"https:\/\/www.modellbau-teile.ch\/?page_id=9","og_site_name":"3D-Druck - und Fr\u00e4steile nach Mass","article_modified_time":"2025-11-04T20:16:34+00:00","og_image":[{"width":1920,"height":2560,"url":"https:\/\/www.modellbau-teile.ch\/wp-content\/uploads\/2020\/11\/Bild-3-scaled.jpeg","type":"image\/jpeg"}],"twitter_card":"summary_large_image","twitter_misc":{"Gesch\u00e4tzte Lesezeit":"3\u00a0Minuten"},"schema":{"@context":"https:\/\/schema.org","@graph":[{"@type":"WebPage","@id":"https:\/\/www.modellbau-teile.ch\/?page_id=9","url":"https:\/\/www.modellbau-teile.ch\/?page_id=9","name":"Arbeitsmittel - 3D-Druck - und Fr\u00e4steile nach Mass","isPartOf":{"@id":"https:\/\/www.modellbau-teile.ch\/#website"},"primaryImageOfPage":{"@id":"https:\/\/www.modellbau-teile.ch\/?page_id=9#primaryimage"},"image":{"@id":"https:\/\/www.modellbau-teile.ch\/?page_id=9#primaryimage"},"thumbnailUrl":"https:\/\/www.modellbau-teile.ch\/wp-content\/uploads\/2020\/11\/Bild-3-768x1024.jpeg","datePublished":"2020-10-18T13:17:17+00:00","dateModified":"2025-11-04T20:16:34+00:00","description":"Ich erstelle f\u00fcr Sie individuell gezeichnete, gefr\u00e4ste oder 3d gedruckte Teile nach ihrem Wunsch - nicht nur f\u00fcr den Modellbau!","breadcrumb":{"@id":"https:\/\/www.modellbau-teile.ch\/?page_id=9#breadcrumb"},"inLanguage":"de-CH","potentialAction":[{"@type":"ReadAction","target":["https:\/\/www.modellbau-teile.ch\/?page_id=9"]}]},{"@type":"ImageObject","inLanguage":"de-CH","@id":"https:\/\/www.modellbau-teile.ch\/?page_id=9#primaryimage","url":"https:\/\/www.modellbau-teile.ch\/wp-content\/uploads\/2020\/11\/Bild-3-768x1024.jpeg","contentUrl":"https:\/\/www.modellbau-teile.ch\/wp-content\/uploads\/2020\/11\/Bild-3-768x1024.jpeg"},{"@type":"BreadcrumbList","@id":"https:\/\/www.modellbau-teile.ch\/?page_id=9#breadcrumb","itemListElement":[{"@type":"ListItem","position":1,"name":"Home","item":"https:\/\/www.modellbau-teile.ch\/"},{"@type":"ListItem","position":2,"name":"Arbeitsmittel"}]},{"@type":"WebSite","@id":"https:\/\/www.modellbau-teile.ch\/#website","url":"https:\/\/www.modellbau-teile.ch\/","name":"3D-Druck - und Fr\u00e4steile nach Mass","description":"Teile nach Mass - nicht nur f\u00fcr Modellbau","potentialAction":[{"@type":"SearchAction","target":{"@type":"EntryPoint","urlTemplate":"https:\/\/www.modellbau-teile.ch\/?s={search_term_string}"},"query-input":{"@type":"PropertyValueSpecification","valueRequired":true,"valueName":"search_term_string"}}],"inLanguage":"de-CH"}]}},"_links":{"self":[{"href":"https:\/\/www.modellbau-teile.ch\/index.php?rest_route=\/wp\/v2\/pages\/9","targetHints":{"allow":["GET"]}}],"collection":[{"href":"https:\/\/www.modellbau-teile.ch\/index.php?rest_route=\/wp\/v2\/pages"}],"about":[{"href":"https:\/\/www.modellbau-teile.ch\/index.php?rest_route=\/wp\/v2\/types\/page"}],"author":[{"embeddable":true,"href":"https:\/\/www.modellbau-teile.ch\/index.php?rest_route=\/wp\/v2\/users\/1"}],"replies":[{"embeddable":true,"href":"https:\/\/www.modellbau-teile.ch\/index.php?rest_route=%2Fwp%2Fv2%2Fcomments&post=9"}],"version-history":[{"count":42,"href":"https:\/\/www.modellbau-teile.ch\/index.php?rest_route=\/wp\/v2\/pages\/9\/revisions"}],"predecessor-version":[{"id":946,"href":"https:\/\/www.modellbau-teile.ch\/index.php?rest_route=\/wp\/v2\/pages\/9\/revisions\/946"}],"wp:attachment":[{"href":"https:\/\/www.modellbau-teile.ch\/index.php?rest_route=%2Fwp%2Fv2%2Fmedia&parent=9"}],"curies":[{"name":"wp","href":"https:\/\/api.w.org\/{rel}","templated":true}]}}